{"id":338,"date":"2025-01-14T13:34:23","date_gmt":"2025-01-14T12:34:23","guid":{"rendered":"https:\/\/entrywise.io\/?page_id=338"},"modified":"2025-08-29T10:12:50","modified_gmt":"2025-08-29T08:12:50","slug":"technologie","status":"publish","type":"page","link":"https:\/\/entrywise.io\/pl\/technologie\/","title":{"rendered":"Technologie"},"content":{"rendered":"","protected":false},"excerpt":{"rendered":"","protected":false},"author":2,"featured_media":0,"parent":0,"menu_order":0,"comment_status":"open","ping_status":"closed","template":"","meta":{"_acf_changed":false,"footnotes":""},"class_list":["post-338","page","type-page","status-publish","hentry"],"acf":[],"yoast_head":"<!-- This site is optimized with the Yoast SEO plugin v27.3 - https:\/\/yoast.com\/product\/yoast-seo-wordpress\/ -->\n<title>Technologie - EntryWise<\/title>\n<meta name=\"description\" content=\"W EntryWise korzystamy z innowacyjnych sprawdzonych i certyfikowanych technologii, aby zapewni\u0107 pe\u0142n\u0105 ochron\u0119 danych.\" \/>\n<meta name=\"robots\" content=\"index, follow, max-snippet:-1, max-image-preview:large, max-video-preview:-1\" \/>\n<link rel=\"canonical\" href=\"https:\/\/entrywise.io\/pl\/technologie\/\" \/>\n<meta property=\"og:locale\" content=\"pl_PL\" \/>\n<meta property=\"og:type\" content=\"article\" \/>\n<meta property=\"og:title\" content=\"Technologie - EntryWise\" \/>\n<meta property=\"og:description\" content=\"W EntryWise korzystamy z innowacyjnych sprawdzonych i certyfikowanych technologii, aby zapewni\u0107 pe\u0142n\u0105 ochron\u0119 danych.\" \/>\n<meta property=\"og:url\" content=\"https:\/\/entrywise.io\/pl\/technologie\/\" \/>\n<meta property=\"og:site_name\" content=\"EntryWise\" \/>\n<meta property=\"article:publisher\" content=\"https:\/\/www.facebook.com\/AutoIDpl\/\" \/>\n<meta property=\"article:modified_time\" content=\"2025-08-29T08:12:50+00:00\" \/>\n<meta property=\"og:image\" content=\"https:\/\/entrywise.io\/wp-content\/uploads\/2024\/12\/EntryWise-social.jpg\" \/>\n\t<meta property=\"og:image:width\" content=\"1200\" \/>\n\t<meta property=\"og:image:height\" content=\"628\" \/>\n\t<meta property=\"og:image:type\" content=\"image\/jpeg\" \/>\n<meta name=\"twitter:card\" content=\"summary_large_image\" \/>\n<script type=\"application\/ld+json\" class=\"yoast-schema-graph\">{\"@context\":\"https:\\\/\\\/schema.org\",\"@graph\":[{\"@type\":\"WebPage\",\"@id\":\"https:\\\/\\\/entrywise.io\\\/pl\\\/technologie\\\/\",\"url\":\"https:\\\/\\\/entrywise.io\\\/pl\\\/technologie\\\/\",\"name\":\"Technologie - EntryWise\",\"isPartOf\":{\"@id\":\"https:\\\/\\\/entrywise.io\\\/pl\\\/#website\"},\"datePublished\":\"2025-01-14T12:34:23+00:00\",\"dateModified\":\"2025-08-29T08:12:50+00:00\",\"description\":\"W EntryWise korzystamy z innowacyjnych sprawdzonych i certyfikowanych technologii, aby zapewni\u0107 pe\u0142n\u0105 ochron\u0119 danych.\",\"breadcrumb\":{\"@id\":\"https:\\\/\\\/entrywise.io\\\/pl\\\/technologie\\\/#breadcrumb\"},\"inLanguage\":\"pl-PL\",\"potentialAction\":[{\"@type\":\"ReadAction\",\"target\":[\"https:\\\/\\\/entrywise.io\\\/pl\\\/technologie\\\/\"]}]},{\"@type\":\"BreadcrumbList\",\"@id\":\"https:\\\/\\\/entrywise.io\\\/pl\\\/technologie\\\/#breadcrumb\",\"itemListElement\":[{\"@type\":\"ListItem\",\"position\":1,\"name\":\"Strona g\u0142\u00f3wna\",\"item\":\"https:\\\/\\\/entrywise.io\\\/pl\\\/\"},{\"@type\":\"ListItem\",\"position\":2,\"name\":\"Technologie\"}]},{\"@type\":\"WebSite\",\"@id\":\"https:\\\/\\\/entrywise.io\\\/pl\\\/#website\",\"url\":\"https:\\\/\\\/entrywise.io\\\/pl\\\/\",\"name\":\"EntryWise\",\"description\":\"Nowa era zarz\u0105dzania bezpiecze\u0144stwem\",\"publisher\":{\"@id\":\"https:\\\/\\\/entrywise.io\\\/pl\\\/#organization\"},\"potentialAction\":[{\"@type\":\"SearchAction\",\"target\":{\"@type\":\"EntryPoint\",\"urlTemplate\":\"https:\\\/\\\/entrywise.io\\\/pl\\\/?s={search_term_string}\"},\"query-input\":{\"@type\":\"PropertyValueSpecification\",\"valueRequired\":true,\"valueName\":\"search_term_string\"}}],\"inLanguage\":\"pl-PL\"},{\"@type\":\"Organization\",\"@id\":\"https:\\\/\\\/entrywise.io\\\/pl\\\/#organization\",\"name\":\"EntryWise\",\"url\":\"https:\\\/\\\/entrywise.io\\\/pl\\\/\",\"logo\":{\"@type\":\"ImageObject\",\"inLanguage\":\"pl-PL\",\"@id\":\"https:\\\/\\\/entrywise.io\\\/pl\\\/#\\\/schema\\\/logo\\\/image\\\/\",\"url\":\"https:\\\/\\\/entrywise.io\\\/wp-content\\\/uploads\\\/2024\\\/12\\\/EntryWise-logo.svg\",\"contentUrl\":\"https:\\\/\\\/entrywise.io\\\/wp-content\\\/uploads\\\/2024\\\/12\\\/EntryWise-logo.svg\",\"caption\":\"EntryWise\"},\"image\":{\"@id\":\"https:\\\/\\\/entrywise.io\\\/pl\\\/#\\\/schema\\\/logo\\\/image\\\/\"},\"sameAs\":[\"https:\\\/\\\/www.facebook.com\\\/AutoIDpl\\\/\",\"https:\\\/\\\/www.linkedin.com\\\/company\\\/autoid-polska-s-a-\\\/\",\"https:\\\/\\\/www.youtube.com\\\/user\\\/autoidpolska\"]}]}<\/script>\n<!-- \/ Yoast SEO plugin. -->","yoast_head_json":{"title":"Technologie - EntryWise","description":"W EntryWise korzystamy z innowacyjnych sprawdzonych i certyfikowanych technologii, aby zapewni\u0107 pe\u0142n\u0105 ochron\u0119 danych.","robots":{"index":"index","follow":"follow","max-snippet":"max-snippet:-1","max-image-preview":"max-image-preview:large","max-video-preview":"max-video-preview:-1"},"canonical":"https:\/\/entrywise.io\/pl\/technologie\/","og_locale":"pl_PL","og_type":"article","og_title":"Technologie - EntryWise","og_description":"W EntryWise korzystamy z innowacyjnych sprawdzonych i certyfikowanych technologii, aby zapewni\u0107 pe\u0142n\u0105 ochron\u0119 danych.","og_url":"https:\/\/entrywise.io\/pl\/technologie\/","og_site_name":"EntryWise","article_publisher":"https:\/\/www.facebook.com\/AutoIDpl\/","article_modified_time":"2025-08-29T08:12:50+00:00","og_image":[{"width":1200,"height":628,"url":"https:\/\/entrywise.io\/wp-content\/uploads\/2024\/12\/EntryWise-social.jpg","type":"image\/jpeg"}],"twitter_card":"summary_large_image","schema":{"@context":"https:\/\/schema.org","@graph":[{"@type":"WebPage","@id":"https:\/\/entrywise.io\/pl\/technologie\/","url":"https:\/\/entrywise.io\/pl\/technologie\/","name":"Technologie - EntryWise","isPartOf":{"@id":"https:\/\/entrywise.io\/pl\/#website"},"datePublished":"2025-01-14T12:34:23+00:00","dateModified":"2025-08-29T08:12:50+00:00","description":"W EntryWise korzystamy z innowacyjnych sprawdzonych i certyfikowanych technologii, aby zapewni\u0107 pe\u0142n\u0105 ochron\u0119 danych.","breadcrumb":{"@id":"https:\/\/entrywise.io\/pl\/technologie\/#breadcrumb"},"inLanguage":"pl-PL","potentialAction":[{"@type":"ReadAction","target":["https:\/\/entrywise.io\/pl\/technologie\/"]}]},{"@type":"BreadcrumbList","@id":"https:\/\/entrywise.io\/pl\/technologie\/#breadcrumb","itemListElement":[{"@type":"ListItem","position":1,"name":"Strona g\u0142\u00f3wna","item":"https:\/\/entrywise.io\/pl\/"},{"@type":"ListItem","position":2,"name":"Technologie"}]},{"@type":"WebSite","@id":"https:\/\/entrywise.io\/pl\/#website","url":"https:\/\/entrywise.io\/pl\/","name":"EntryWise","description":"Nowa era zarz\u0105dzania bezpiecze\u0144stwem","publisher":{"@id":"https:\/\/entrywise.io\/pl\/#organization"},"potentialAction":[{"@type":"SearchAction","target":{"@type":"EntryPoint","urlTemplate":"https:\/\/entrywise.io\/pl\/?s={search_term_string}"},"query-input":{"@type":"PropertyValueSpecification","valueRequired":true,"valueName":"search_term_string"}}],"inLanguage":"pl-PL"},{"@type":"Organization","@id":"https:\/\/entrywise.io\/pl\/#organization","name":"EntryWise","url":"https:\/\/entrywise.io\/pl\/","logo":{"@type":"ImageObject","inLanguage":"pl-PL","@id":"https:\/\/entrywise.io\/pl\/#\/schema\/logo\/image\/","url":"https:\/\/entrywise.io\/wp-content\/uploads\/2024\/12\/EntryWise-logo.svg","contentUrl":"https:\/\/entrywise.io\/wp-content\/uploads\/2024\/12\/EntryWise-logo.svg","caption":"EntryWise"},"image":{"@id":"https:\/\/entrywise.io\/pl\/#\/schema\/logo\/image\/"},"sameAs":["https:\/\/www.facebook.com\/AutoIDpl\/","https:\/\/www.linkedin.com\/company\/autoid-polska-s-a-\/","https:\/\/www.youtube.com\/user\/autoidpolska"]}]}},"_links":{"self":[{"href":"https:\/\/entrywise.io\/pl\/wp-json\/wp\/v2\/pages\/338","targetHints":{"allow":["GET"]}}],"collection":[{"href":"https:\/\/entrywise.io\/pl\/wp-json\/wp\/v2\/pages"}],"about":[{"href":"https:\/\/entrywise.io\/pl\/wp-json\/wp\/v2\/types\/page"}],"author":[{"embeddable":true,"href":"https:\/\/entrywise.io\/pl\/wp-json\/wp\/v2\/users\/2"}],"replies":[{"embeddable":true,"href":"https:\/\/entrywise.io\/pl\/wp-json\/wp\/v2\/comments?post=338"}],"version-history":[{"count":1,"href":"https:\/\/entrywise.io\/pl\/wp-json\/wp\/v2\/pages\/338\/revisions"}],"predecessor-version":[{"id":1705,"href":"https:\/\/entrywise.io\/pl\/wp-json\/wp\/v2\/pages\/338\/revisions\/1705"}],"wp:attachment":[{"href":"https:\/\/entrywise.io\/pl\/wp-json\/wp\/v2\/media?parent=338"}],"curies":[{"name":"wp","href":"https:\/\/api.w.org\/{rel}","templated":true}]}}