{"id":1687,"date":"2025-08-07T16:22:23","date_gmt":"2025-08-07T14:22:23","guid":{"rendered":"https:\/\/entrywise.io\/?page_id=1687"},"modified":"2025-10-24T13:47:34","modified_gmt":"2025-10-24T11:47:34","slug":"beacony","status":"publish","type":"page","link":"https:\/\/entrywise.io\/pl\/beacony\/","title":{"rendered":"Beacony Blunaris"},"content":{"rendered":"","protected":false},"excerpt":{"rendered":"","protected":false},"author":2,"featured_media":0,"parent":0,"menu_order":0,"comment_status":"open","ping_status":"closed","template":"","meta":{"_acf_changed":false,"footnotes":""},"class_list":["post-1687","page","type-page","status-publish","hentry"],"acf":[],"yoast_head":"<!-- This site is optimized with the Yoast SEO plugin v27.3 - https:\/\/yoast.com\/product\/yoast-seo-wordpress\/ -->\n<title>Beacony Blunaris - EntryWise<\/title>\n<meta name=\"description\" content=\"Beacony to niewielkie, zasilane bateryjnie urz\u0105dzenia, kt\u00f3re dzia\u0142aj\u0105 w oparciu o technologi\u0119 Bluetooth Low Energy (BLE).\" \/>\n<meta name=\"robots\" content=\"noindex, nofollow\" \/>\n<meta property=\"og:locale\" content=\"pl_PL\" \/>\n<meta property=\"og:type\" content=\"article\" \/>\n<meta property=\"og:title\" content=\"Beacony Blunaris - EntryWise\" \/>\n<meta property=\"og:description\" content=\"Beacony to niewielkie, zasilane bateryjnie urz\u0105dzenia, kt\u00f3re dzia\u0142aj\u0105 w oparciu o technologi\u0119 Bluetooth Low Energy (BLE).\" \/>\n<meta property=\"og:url\" content=\"https:\/\/entrywise.io\/pl\/beacony\/\" \/>\n<meta property=\"og:site_name\" content=\"EntryWise\" \/>\n<meta property=\"article:publisher\" content=\"https:\/\/www.facebook.com\/AutoIDpl\/\" \/>\n<meta property=\"article:modified_time\" content=\"2025-10-24T11:47:34+00:00\" \/>\n<meta property=\"og:image\" content=\"https:\/\/entrywise.io\/wp-content\/uploads\/2024\/12\/EntryWise-social.jpg\" \/>\n\t<meta property=\"og:image:width\" content=\"1200\" \/>\n\t<meta property=\"og:image:height\" content=\"628\" \/>\n\t<meta property=\"og:image:type\" content=\"image\/jpeg\" \/>\n<meta name=\"twitter:card\" content=\"summary_large_image\" \/>\n<script type=\"application\/ld+json\" class=\"yoast-schema-graph\">{\"@context\":\"https:\\\/\\\/schema.org\",\"@graph\":[{\"@type\":\"WebPage\",\"@id\":\"https:\\\/\\\/entrywise.io\\\/pl\\\/beacony\\\/\",\"url\":\"https:\\\/\\\/entrywise.io\\\/pl\\\/beacony\\\/\",\"name\":\"Beacony Blunaris - EntryWise\",\"isPartOf\":{\"@id\":\"https:\\\/\\\/entrywise.io\\\/pl\\\/#website\"},\"datePublished\":\"2025-08-07T14:22:23+00:00\",\"dateModified\":\"2025-10-24T11:47:34+00:00\",\"description\":\"Beacony to niewielkie, zasilane bateryjnie urz\u0105dzenia, kt\u00f3re dzia\u0142aj\u0105 w oparciu o technologi\u0119 Bluetooth Low Energy (BLE).\",\"breadcrumb\":{\"@id\":\"https:\\\/\\\/entrywise.io\\\/pl\\\/beacony\\\/#breadcrumb\"},\"inLanguage\":\"pl-PL\",\"potentialAction\":[{\"@type\":\"ReadAction\",\"target\":[\"https:\\\/\\\/entrywise.io\\\/pl\\\/beacony\\\/\"]}]},{\"@type\":\"BreadcrumbList\",\"@id\":\"https:\\\/\\\/entrywise.io\\\/pl\\\/beacony\\\/#breadcrumb\",\"itemListElement\":[{\"@type\":\"ListItem\",\"position\":1,\"name\":\"Strona g\u0142\u00f3wna\",\"item\":\"https:\\\/\\\/entrywise.io\\\/pl\\\/\"},{\"@type\":\"ListItem\",\"position\":2,\"name\":\"Beacony Blunaris\"}]},{\"@type\":\"WebSite\",\"@id\":\"https:\\\/\\\/entrywise.io\\\/pl\\\/#website\",\"url\":\"https:\\\/\\\/entrywise.io\\\/pl\\\/\",\"name\":\"EntryWise\",\"description\":\"Nowa era zarz\u0105dzania bezpiecze\u0144stwem\",\"publisher\":{\"@id\":\"https:\\\/\\\/entrywise.io\\\/pl\\\/#organization\"},\"potentialAction\":[{\"@type\":\"SearchAction\",\"target\":{\"@type\":\"EntryPoint\",\"urlTemplate\":\"https:\\\/\\\/entrywise.io\\\/pl\\\/?s={search_term_string}\"},\"query-input\":{\"@type\":\"PropertyValueSpecification\",\"valueRequired\":true,\"valueName\":\"search_term_string\"}}],\"inLanguage\":\"pl-PL\"},{\"@type\":\"Organization\",\"@id\":\"https:\\\/\\\/entrywise.io\\\/pl\\\/#organization\",\"name\":\"EntryWise\",\"url\":\"https:\\\/\\\/entrywise.io\\\/pl\\\/\",\"logo\":{\"@type\":\"ImageObject\",\"inLanguage\":\"pl-PL\",\"@id\":\"https:\\\/\\\/entrywise.io\\\/pl\\\/#\\\/schema\\\/logo\\\/image\\\/\",\"url\":\"https:\\\/\\\/entrywise.io\\\/wp-content\\\/uploads\\\/2024\\\/12\\\/EntryWise-logo.svg\",\"contentUrl\":\"https:\\\/\\\/entrywise.io\\\/wp-content\\\/uploads\\\/2024\\\/12\\\/EntryWise-logo.svg\",\"caption\":\"EntryWise\"},\"image\":{\"@id\":\"https:\\\/\\\/entrywise.io\\\/pl\\\/#\\\/schema\\\/logo\\\/image\\\/\"},\"sameAs\":[\"https:\\\/\\\/www.facebook.com\\\/AutoIDpl\\\/\",\"https:\\\/\\\/www.linkedin.com\\\/company\\\/autoid-polska-s-a-\\\/\",\"https:\\\/\\\/www.youtube.com\\\/user\\\/autoidpolska\"]}]}<\/script>\n<!-- \/ Yoast SEO plugin. -->","yoast_head_json":{"title":"Beacony Blunaris - EntryWise","description":"Beacony to niewielkie, zasilane bateryjnie urz\u0105dzenia, kt\u00f3re dzia\u0142aj\u0105 w oparciu o technologi\u0119 Bluetooth Low Energy (BLE).","robots":{"index":"noindex","follow":"nofollow"},"og_locale":"pl_PL","og_type":"article","og_title":"Beacony Blunaris - EntryWise","og_description":"Beacony to niewielkie, zasilane bateryjnie urz\u0105dzenia, kt\u00f3re dzia\u0142aj\u0105 w oparciu o technologi\u0119 Bluetooth Low Energy (BLE).","og_url":"https:\/\/entrywise.io\/pl\/beacony\/","og_site_name":"EntryWise","article_publisher":"https:\/\/www.facebook.com\/AutoIDpl\/","article_modified_time":"2025-10-24T11:47:34+00:00","og_image":[{"width":1200,"height":628,"url":"https:\/\/entrywise.io\/wp-content\/uploads\/2024\/12\/EntryWise-social.jpg","type":"image\/jpeg"}],"twitter_card":"summary_large_image","schema":{"@context":"https:\/\/schema.org","@graph":[{"@type":"WebPage","@id":"https:\/\/entrywise.io\/pl\/beacony\/","url":"https:\/\/entrywise.io\/pl\/beacony\/","name":"Beacony Blunaris - EntryWise","isPartOf":{"@id":"https:\/\/entrywise.io\/pl\/#website"},"datePublished":"2025-08-07T14:22:23+00:00","dateModified":"2025-10-24T11:47:34+00:00","description":"Beacony to niewielkie, zasilane bateryjnie urz\u0105dzenia, kt\u00f3re dzia\u0142aj\u0105 w oparciu o technologi\u0119 Bluetooth Low Energy (BLE).","breadcrumb":{"@id":"https:\/\/entrywise.io\/pl\/beacony\/#breadcrumb"},"inLanguage":"pl-PL","potentialAction":[{"@type":"ReadAction","target":["https:\/\/entrywise.io\/pl\/beacony\/"]}]},{"@type":"BreadcrumbList","@id":"https:\/\/entrywise.io\/pl\/beacony\/#breadcrumb","itemListElement":[{"@type":"ListItem","position":1,"name":"Strona g\u0142\u00f3wna","item":"https:\/\/entrywise.io\/pl\/"},{"@type":"ListItem","position":2,"name":"Beacony Blunaris"}]},{"@type":"WebSite","@id":"https:\/\/entrywise.io\/pl\/#website","url":"https:\/\/entrywise.io\/pl\/","name":"EntryWise","description":"Nowa era zarz\u0105dzania bezpiecze\u0144stwem","publisher":{"@id":"https:\/\/entrywise.io\/pl\/#organization"},"potentialAction":[{"@type":"SearchAction","target":{"@type":"EntryPoint","urlTemplate":"https:\/\/entrywise.io\/pl\/?s={search_term_string}"},"query-input":{"@type":"PropertyValueSpecification","valueRequired":true,"valueName":"search_term_string"}}],"inLanguage":"pl-PL"},{"@type":"Organization","@id":"https:\/\/entrywise.io\/pl\/#organization","name":"EntryWise","url":"https:\/\/entrywise.io\/pl\/","logo":{"@type":"ImageObject","inLanguage":"pl-PL","@id":"https:\/\/entrywise.io\/pl\/#\/schema\/logo\/image\/","url":"https:\/\/entrywise.io\/wp-content\/uploads\/2024\/12\/EntryWise-logo.svg","contentUrl":"https:\/\/entrywise.io\/wp-content\/uploads\/2024\/12\/EntryWise-logo.svg","caption":"EntryWise"},"image":{"@id":"https:\/\/entrywise.io\/pl\/#\/schema\/logo\/image\/"},"sameAs":["https:\/\/www.facebook.com\/AutoIDpl\/","https:\/\/www.linkedin.com\/company\/autoid-polska-s-a-\/","https:\/\/www.youtube.com\/user\/autoidpolska"]}]}},"_links":{"self":[{"href":"https:\/\/entrywise.io\/pl\/wp-json\/wp\/v2\/pages\/1687","targetHints":{"allow":["GET"]}}],"collection":[{"href":"https:\/\/entrywise.io\/pl\/wp-json\/wp\/v2\/pages"}],"about":[{"href":"https:\/\/entrywise.io\/pl\/wp-json\/wp\/v2\/types\/page"}],"author":[{"embeddable":true,"href":"https:\/\/entrywise.io\/pl\/wp-json\/wp\/v2\/users\/2"}],"replies":[{"embeddable":true,"href":"https:\/\/entrywise.io\/pl\/wp-json\/wp\/v2\/comments?post=1687"}],"version-history":[{"count":6,"href":"https:\/\/entrywise.io\/pl\/wp-json\/wp\/v2\/pages\/1687\/revisions"}],"predecessor-version":[{"id":1896,"href":"https:\/\/entrywise.io\/pl\/wp-json\/wp\/v2\/pages\/1687\/revisions\/1896"}],"wp:attachment":[{"href":"https:\/\/entrywise.io\/pl\/wp-json\/wp\/v2\/media?parent=1687"}],"curies":[{"name":"wp","href":"https:\/\/api.w.org\/{rel}","templated":true}]}}